{"id":12632,"date":"2023-08-04T13:17:27","date_gmt":"2023-08-04T13:17:27","guid":{"rendered":"https:\/\/adonaismtc.es\/sobre-nosotros\/"},"modified":"2023-10-20T10:11:42","modified_gmt":"2023-10-20T10:11:42","slug":"sobre-nosotros","status":"publish","type":"page","link":"https:\/\/adonaismtc.es\/es\/sobre-nosotros\/","title":{"rendered":"Sobre nosotros"},"content":{"rendered":"\t\t<div data-elementor-type=\"wp-page\" data-elementor-id=\"12632\" class=\"elementor elementor-12632 elementor-11895\">\n\t\t\t\t\t\t\t\t\t<section class=\"elementor-section elementor-top-section elementor-element elementor-element-066aefe elementor-section-boxed elementor-section-height-default elementor-section-height-default\" data-id=\"066aefe\" data-element_type=\"section\">\n\t\t\t\t\t\t<div class=\"elementor-container elementor-column-gap-default\">\n\t\t\t\t\t<div class=\"elementor-column elementor-col-50 elementor-top-column elementor-element elementor-element-cc4e672\" data-id=\"cc4e672\" data-element_type=\"column\">\n\t\t\t<div class=\"elementor-widget-wrap elementor-element-populated\">\n\t\t\t\t\t\t\t\t<div class=\"elementor-element elementor-element-5b943e8 coffeytea-star-rating--align-center elementor-widget elementor-widget-witr_section_title\" data-id=\"5b943e8\" data-element_type=\"widget\" data-widget_type=\"witr_section_title.default\">\n\t\t\t\t<div class=\"elementor-widget-container\">\n\t\t\t\t\t\t\t\t<!-- title left -->\n\t\t\t\t\t<div class=\"witr_section_title\">\n\t\t\t\t\t\t<div class=\"witr_section_title_inner text-left\">\n\t\t\t\t\t\t\n\t\t\t\t\t\t\t<!-- icon position -->\n\t\t\t\t\t\t\t\t\n\t\t\t\t\t\t\t<!-- end icon position -->\n\t\t\t\t\t\t\n\t\t\t\t\t\t\n\t\t\t\t\t\t\t<!-- title top -->\n\t\t\t\t\t\t\t\t\t\t\t\t\t\t\t<h2><h1>\u00bfQui\u00e9nes somos?<\/h1><\/h2>\t\t\n\t\t\t\t\t\t\t\n\t\t\t\t\t\t\t<!-- icon position -->\n\t\t\t\t\t\t\t\t\n\t\t\t\t\t\t\t<!-- end icon position -->\n\n\t\t\t\t\t\t\t\n\t\t\t\t\t\t\t<!-- title middle -->\n\t\t\t\t\t\t\t\t\t\t\t\t\t\t<!-- title bottom -->\n\t\t\t\t\t\t\t\t\t\t\t\t\t\t\n\t\t\t\t\t\t\t<!-- icon position -->\n\t\t\t\t\t\t\t\t\t\t\t\t\t\t\n\t\t\t\t\t\t\t<!-- image -->\n\t\t\t\t\t\t\t\t\t\t\t\t\t\t<!-- icon -->\n\t\t\t\t\t\t\t\t\t\t\t\t\t\t\n\t\t\t\t\t\t\t<!-- bar -->\n\t\t\t\t\t\t\t\t\t\t\t\t\t\t<!-- circle bar -->\n\t\t\t\t\t\t\t\t\t\t\t\t\t\t\n\t\t\t\t\t\t\t\t\n\t\t\t\t\t\t\t<!-- end icon position -->\n\n\t\t\t\t\t\t\t<!-- content -->\n\t\t\t\t\t\t\t\t\t\t\t\t\t\t\t<p>Mi nombre es Adona\u00efs y soy titulada en Medicina tradicional china por la escuela superior de MTC, centro asociado de la Universidad Europea del Atl\u00e1ntico y FEMTCI (Fundaci\u00f3n  europea de medicina tradicional complementaria e integrativa).\n<br><br>\nEn el a\u00f1o 2012 realic\u00e9 el Stage el Beijing TCM hospital, China para profundizar en las t\u00e9cnicas utilizadas por los doctores en el sistema sanitario p\u00fablico chino.<br><br>\n\nT\u00e9cnica superior en diet\u00e9tica por el centro superior Cedesca desde el a\u00f1o 2010 y cursando el \u00faltimo a\u00f1o del Grado de Diet\u00e9tica y Nutrici\u00f3n Humana en la Universidad Carlemany (Andorra) para ampliar mi formaci\u00f3n.<br><br>\n\nOtras formaciones:<br><br>\n\n- Quiromasajista titulada por la escuela EMM del Dr. Sagrera Ferrandiz.<br>\n\n- Titulada en t\u00e9cnicas de drenaje linf\u00e1tico manual por la escuela Ferlo (Barcelona).<br>\n\n- Titulada en masajes hol\u00edsticos orientales.\n<br><br>\nMi recorrido empez\u00f3 en el 2010 en un centro peque\u00f1ito que muchos conocer\u00e9is (Marmara) y poco a poco fui creciendo con vosotros hasta llegar al d\u00eda de hoy.\n<br><br>\nMi especialidad es la combinaci\u00f3n de los masajes terap\u00e9uticos  y la acupuntura, aplicando tanto maniobras orientales como occidentales para formar un todo. Desde esta premisa buscamos restablecer el equilibrio para eliminar el dolor.\n<br><br>\n\u00bfCu\u00e1l es mi lema para trabajar en consulta? Un s\u00edntoma por s\u00ed solo no define un diagn\u00f3stico, ni una persona con el mismo diagn\u00f3stico tiene los mismos s\u00edntomas. Siempre hay que empezar de cero.\n <\/p>\t\t\n\t\t\t\t\t\t\t\t\t\t\t\t\t<\/div>\n\t\t\t\t\t\t\t<!-- inner title -->\n\t\t\t\t\t\t\t\t\t\t\t\t\t\n\t\t\t\t\t<\/div>\t\t\t\t\n\t\t\t\t\t\t<\/div>\n\t\t\t\t<\/div>\n\t\t\t\t<div class=\"elementor-element elementor-element-d673ca1 elementor-widget elementor-widget-witr_section_s_image\" data-id=\"d673ca1\" data-element_type=\"widget\" data-widget_type=\"witr_section_s_image.default\">\n\t\t\t\t<div class=\"elementor-widget-container\">\n\t\t\t\t\n\t\t<div class=\"single_image_area\">\n\t\t\t<div class=\"single_image single_line_option  \">\n\t\t\t\t<!-- image -->\n\t\t\t\t\t\t\t\t\t<img decoding=\"async\" src=\"https:\/\/adonaismtc.es\/wp-content\/uploads\/2023\/08\/cabinadumai.jpg\" alt=\"\" \/>\n\t\t\t\t\t\t\n\t\t\t\t\t\t\t\t\t\t\t<\/div>\n\t\t<\/div>\n\t\t\t\n\t\t\t\n\t\t\n\t\t\t\n\t\t\t\t<\/div>\n\t\t\t\t<\/div>\n\t\t\t\t\t<\/div>\n\t\t<\/div>\n\t\t\t\t<div class=\"elementor-column elementor-col-50 elementor-top-column elementor-element elementor-element-5787662\" data-id=\"5787662\" data-element_type=\"column\">\n\t\t\t<div class=\"elementor-widget-wrap elementor-element-populated\">\n\t\t\t\t\t\t\t\t<div class=\"elementor-element elementor-element-85c577a elementor-widget elementor-widget-witr_section_s_image\" data-id=\"85c577a\" data-element_type=\"widget\" data-widget_type=\"witr_section_s_image.default\">\n\t\t\t\t<div class=\"elementor-widget-container\">\n\t\t\t\t\n\t\t<div class=\"single_image_area\">\n\t\t\t<div class=\"single_image single_line_option  \">\n\t\t\t\t<!-- image -->\n\t\t\t\t\t\t\t\t\t<img decoding=\"async\" src=\"https:\/\/adonaismtc.es\/wp-content\/uploads\/2023\/08\/cabinarenmai-scaled-e1691155483709.jpg\" alt=\"\" \/>\n\t\t\t\t\t\t\n\t\t\t\t\t\t\t\t\t\t\t<\/div>\n\t\t<\/div>\n\t\t\t\n\t\t\t\n\t\t\n\t\t\t\n\t\t\t\t<\/div>\n\t\t\t\t<\/div>\n\t\t\t\t<div class=\"elementor-element elementor-element-4431f6d elementor-widget elementor-widget-witr_section_s_image\" data-id=\"4431f6d\" data-element_type=\"widget\" data-widget_type=\"witr_section_s_image.default\">\n\t\t\t\t<div class=\"elementor-widget-container\">\n\t\t\t\t\n\t\t<div class=\"single_image_area\">\n\t\t\t<div class=\"single_image single_line_option  \">\n\t\t\t\t<!-- image -->\n\t\t\t\t\t\t\t\t\t<img decoding=\"async\" src=\"https:\/\/adonaismtc.es\/wp-content\/uploads\/2023\/08\/cabinachongmai.jpg\" alt=\"\" \/>\n\t\t\t\t\t\t\n\t\t\t\t\t\t\t\t\t\t\t<\/div>\n\t\t<\/div>\n\t\t\t\n\t\t\t\n\t\t\n\t\t\t\n\t\t\t\t<\/div>\n\t\t\t\t<\/div>\n\t\t\t\t\t<\/div>\n\t\t<\/div>\n\t\t\t\t\t\t\t<\/div>\n\t\t<\/section>\n\t\t\t\t\t\t\t<\/div>\n\t\t","protected":false},"excerpt":{"rendered":"<p>\u00bfQui\u00e9nes somos? Mi nombre es Adona\u00efs y soy titulada en Medicina tradicional china por la escuela superior de MTC, centro asociado de la Universidad Europea del Atl\u00e1ntico y FEMTCI (Fundaci\u00f3n europea de medicina tradicional complementaria e integrativa). En el a\u00f1o 2012 realic\u00e9 el Stage el Beijing TCM hospital, China para profundizar en las t\u00e9cnicas utilizadas [&hellip;]<\/p>\n","protected":false},"author":1,"featured_media":0,"parent":0,"menu_order":0,"comment_status":"closed","ping_status":"closed","template":"","meta":{"footnotes":""},"class_list":["post-12632","page","type-page","status-publish","hentry"],"yoast_head":"<!-- This site is optimized with the Yoast SEO plugin v22.2 - https:\/\/yoast.com\/wordpress\/plugins\/seo\/ -->\n<title>Masaje Descontracturante Oriental: Terapia de Relajaci\u00f3n<\/title>\n<meta name=\"description\" content=\"Experimenta la tranquilidad y alivio con nuestro masaje descontracturante oriental. Tu bienestar es nuestra prioridad.\" \/>\n<meta name=\"robots\" content=\"index, follow, max-snippet:-1, max-image-preview:large, max-video-preview:-1\" \/>\n<link rel=\"canonical\" href=\"https:\/\/adonaismtc.es\/es\/sobre-nosotros\/\" \/>\n<meta property=\"og:locale\" content=\"es_ES\" \/>\n<meta property=\"og:type\" content=\"article\" \/>\n<meta property=\"og:title\" content=\"Masaje Descontracturante Oriental: Terapia de Relajaci\u00f3n\" \/>\n<meta property=\"og:description\" content=\"Experimenta la tranquilidad y alivio con nuestro masaje descontracturante oriental. Tu bienestar es nuestra prioridad.\" \/>\n<meta property=\"og:url\" content=\"https:\/\/adonaismtc.es\/es\/sobre-nosotros\/\" \/>\n<meta property=\"og:site_name\" content=\"adona\u00efs\" \/>\n<meta property=\"article:publisher\" content=\"https:\/\/www.facebook.com\/terapiesadonais\" \/>\n<meta property=\"article:modified_time\" content=\"2023-10-20T10:11:42+00:00\" \/>\n<meta property=\"og:image\" content=\"https:\/\/adonaismtc.es\/wp-content\/uploads\/2023\/08\/cabinadumai.jpg\" \/>\n<meta name=\"twitter:card\" content=\"summary_large_image\" \/>\n<meta name=\"twitter:label1\" content=\"Tiempo de lectura\" \/>\n\t<meta name=\"twitter:data1\" content=\"2 minutos\" \/>\n<script type=\"application\/ld+json\" class=\"yoast-schema-graph\">{\"@context\":\"https:\/\/schema.org\",\"@graph\":[{\"@type\":\"WebPage\",\"@id\":\"https:\/\/adonaismtc.es\/es\/sobre-nosotros\/\",\"url\":\"https:\/\/adonaismtc.es\/es\/sobre-nosotros\/\",\"name\":\"Masaje Descontracturante Oriental: Terapia de Relajaci\u00f3n\",\"isPartOf\":{\"@id\":\"https:\/\/adonaismtc.es\/#website\"},\"primaryImageOfPage\":{\"@id\":\"https:\/\/adonaismtc.es\/es\/sobre-nosotros\/#primaryimage\"},\"image\":{\"@id\":\"https:\/\/adonaismtc.es\/es\/sobre-nosotros\/#primaryimage\"},\"thumbnailUrl\":\"https:\/\/adonaismtc.es\/wp-content\/uploads\/2023\/08\/cabinadumai.jpg\",\"datePublished\":\"2023-08-04T13:17:27+00:00\",\"dateModified\":\"2023-10-20T10:11:42+00:00\",\"description\":\"Experimenta la tranquilidad y alivio con nuestro masaje descontracturante oriental. Tu bienestar es nuestra prioridad.\",\"breadcrumb\":{\"@id\":\"https:\/\/adonaismtc.es\/es\/sobre-nosotros\/#breadcrumb\"},\"inLanguage\":\"es\",\"potentialAction\":[{\"@type\":\"ReadAction\",\"target\":[\"https:\/\/adonaismtc.es\/es\/sobre-nosotros\/\"]}]},{\"@type\":\"ImageObject\",\"inLanguage\":\"es\",\"@id\":\"https:\/\/adonaismtc.es\/es\/sobre-nosotros\/#primaryimage\",\"url\":\"https:\/\/adonaismtc.es\/wp-content\/uploads\/2023\/08\/cabinadumai.jpg\",\"contentUrl\":\"https:\/\/adonaismtc.es\/wp-content\/uploads\/2023\/08\/cabinadumai.jpg\",\"width\":960,\"height\":720},{\"@type\":\"BreadcrumbList\",\"@id\":\"https:\/\/adonaismtc.es\/es\/sobre-nosotros\/#breadcrumb\",\"itemListElement\":[{\"@type\":\"ListItem\",\"position\":1,\"name\":\"Inici\",\"item\":\"https:\/\/adonaismtc.es\/es\/\"},{\"@type\":\"ListItem\",\"position\":2,\"name\":\"Sobre nosotros\"}]},{\"@type\":\"WebSite\",\"@id\":\"https:\/\/adonaismtc.es\/#website\",\"url\":\"https:\/\/adonaismtc.es\/\",\"name\":\"adona\u00efs\",\"description\":\"\",\"publisher\":{\"@id\":\"https:\/\/adonaismtc.es\/#organization\"},\"potentialAction\":[{\"@type\":\"SearchAction\",\"target\":{\"@type\":\"EntryPoint\",\"urlTemplate\":\"https:\/\/adonaismtc.es\/?s={search_term_string}\"},\"query-input\":\"required name=search_term_string\"}],\"inLanguage\":\"es\"},{\"@type\":\"Organization\",\"@id\":\"https:\/\/adonaismtc.es\/#organization\",\"name\":\"adona\u00efs\",\"url\":\"https:\/\/adonaismtc.es\/\",\"logo\":{\"@type\":\"ImageObject\",\"inLanguage\":\"es\",\"@id\":\"https:\/\/adonaismtc.es\/#\/schema\/logo\/image\/\",\"url\":\"https:\/\/adonaismtc.es\/wp-content\/uploads\/2023\/08\/cropped-logo.png\",\"contentUrl\":\"https:\/\/adonaismtc.es\/wp-content\/uploads\/2023\/08\/cropped-logo.png\",\"width\":512,\"height\":512,\"caption\":\"adona\u00efs\"},\"image\":{\"@id\":\"https:\/\/adonaismtc.es\/#\/schema\/logo\/image\/\"},\"sameAs\":[\"https:\/\/www.facebook.com\/terapiesadonais\"]}]}<\/script>\n<!-- \/ Yoast SEO plugin. -->","yoast_head_json":{"title":"Masaje Descontracturante Oriental: Terapia de Relajaci\u00f3n","description":"Experimenta la tranquilidad y alivio con nuestro masaje descontracturante oriental. Tu bienestar es nuestra prioridad.","robots":{"index":"index","follow":"follow","max-snippet":"max-snippet:-1","max-image-preview":"max-image-preview:large","max-video-preview":"max-video-preview:-1"},"canonical":"https:\/\/adonaismtc.es\/es\/sobre-nosotros\/","og_locale":"es_ES","og_type":"article","og_title":"Masaje Descontracturante Oriental: Terapia de Relajaci\u00f3n","og_description":"Experimenta la tranquilidad y alivio con nuestro masaje descontracturante oriental. Tu bienestar es nuestra prioridad.","og_url":"https:\/\/adonaismtc.es\/es\/sobre-nosotros\/","og_site_name":"adona\u00efs","article_publisher":"https:\/\/www.facebook.com\/terapiesadonais","article_modified_time":"2023-10-20T10:11:42+00:00","og_image":[{"url":"https:\/\/adonaismtc.es\/wp-content\/uploads\/2023\/08\/cabinadumai.jpg"}],"twitter_card":"summary_large_image","twitter_misc":{"Tiempo de lectura":"2 minutos"},"schema":{"@context":"https:\/\/schema.org","@graph":[{"@type":"WebPage","@id":"https:\/\/adonaismtc.es\/es\/sobre-nosotros\/","url":"https:\/\/adonaismtc.es\/es\/sobre-nosotros\/","name":"Masaje Descontracturante Oriental: Terapia de Relajaci\u00f3n","isPartOf":{"@id":"https:\/\/adonaismtc.es\/#website"},"primaryImageOfPage":{"@id":"https:\/\/adonaismtc.es\/es\/sobre-nosotros\/#primaryimage"},"image":{"@id":"https:\/\/adonaismtc.es\/es\/sobre-nosotros\/#primaryimage"},"thumbnailUrl":"https:\/\/adonaismtc.es\/wp-content\/uploads\/2023\/08\/cabinadumai.jpg","datePublished":"2023-08-04T13:17:27+00:00","dateModified":"2023-10-20T10:11:42+00:00","description":"Experimenta la tranquilidad y alivio con nuestro masaje descontracturante oriental. Tu bienestar es nuestra prioridad.","breadcrumb":{"@id":"https:\/\/adonaismtc.es\/es\/sobre-nosotros\/#breadcrumb"},"inLanguage":"es","potentialAction":[{"@type":"ReadAction","target":["https:\/\/adonaismtc.es\/es\/sobre-nosotros\/"]}]},{"@type":"ImageObject","inLanguage":"es","@id":"https:\/\/adonaismtc.es\/es\/sobre-nosotros\/#primaryimage","url":"https:\/\/adonaismtc.es\/wp-content\/uploads\/2023\/08\/cabinadumai.jpg","contentUrl":"https:\/\/adonaismtc.es\/wp-content\/uploads\/2023\/08\/cabinadumai.jpg","width":960,"height":720},{"@type":"BreadcrumbList","@id":"https:\/\/adonaismtc.es\/es\/sobre-nosotros\/#breadcrumb","itemListElement":[{"@type":"ListItem","position":1,"name":"Inici","item":"https:\/\/adonaismtc.es\/es\/"},{"@type":"ListItem","position":2,"name":"Sobre nosotros"}]},{"@type":"WebSite","@id":"https:\/\/adonaismtc.es\/#website","url":"https:\/\/adonaismtc.es\/","name":"adona\u00efs","description":"","publisher":{"@id":"https:\/\/adonaismtc.es\/#organization"},"potentialAction":[{"@type":"SearchAction","target":{"@type":"EntryPoint","urlTemplate":"https:\/\/adonaismtc.es\/?s={search_term_string}"},"query-input":"required name=search_term_string"}],"inLanguage":"es"},{"@type":"Organization","@id":"https:\/\/adonaismtc.es\/#organization","name":"adona\u00efs","url":"https:\/\/adonaismtc.es\/","logo":{"@type":"ImageObject","inLanguage":"es","@id":"https:\/\/adonaismtc.es\/#\/schema\/logo\/image\/","url":"https:\/\/adonaismtc.es\/wp-content\/uploads\/2023\/08\/cropped-logo.png","contentUrl":"https:\/\/adonaismtc.es\/wp-content\/uploads\/2023\/08\/cropped-logo.png","width":512,"height":512,"caption":"adona\u00efs"},"image":{"@id":"https:\/\/adonaismtc.es\/#\/schema\/logo\/image\/"},"sameAs":["https:\/\/www.facebook.com\/terapiesadonais"]}]}},"_links":{"self":[{"href":"https:\/\/adonaismtc.es\/es\/wp-json\/wp\/v2\/pages\/12632","targetHints":{"allow":["GET"]}}],"collection":[{"href":"https:\/\/adonaismtc.es\/es\/wp-json\/wp\/v2\/pages"}],"about":[{"href":"https:\/\/adonaismtc.es\/es\/wp-json\/wp\/v2\/types\/page"}],"author":[{"embeddable":true,"href":"https:\/\/adonaismtc.es\/es\/wp-json\/wp\/v2\/users\/1"}],"replies":[{"embeddable":true,"href":"https:\/\/adonaismtc.es\/es\/wp-json\/wp\/v2\/comments?post=12632"}],"version-history":[{"count":10,"href":"https:\/\/adonaismtc.es\/es\/wp-json\/wp\/v2\/pages\/12632\/revisions"}],"predecessor-version":[{"id":12766,"href":"https:\/\/adonaismtc.es\/es\/wp-json\/wp\/v2\/pages\/12632\/revisions\/12766"}],"wp:attachment":[{"href":"https:\/\/adonaismtc.es\/es\/wp-json\/wp\/v2\/media?parent=12632"}],"curies":[{"name":"wp","href":"https:\/\/api.w.org\/{rel}","templated":true}]}}